{"id":10,"date":"2021-07-22T11:36:10","date_gmt":"2021-07-22T09:36:10","guid":{"rendered":"http:\/\/fxknole.cluster031.hosting.ovh.net\/?page_id=10"},"modified":"2025-12-30T19:08:50","modified_gmt":"2025-12-30T18:08:50","slug":"regulamin","status":"publish","type":"page","link":"https:\/\/www.eventrumia.pl\/index.php\/regulamin\/","title":{"rendered":"Regulamin"},"content":{"rendered":"\t\t<div data-elementor-type=\"wp-page\" data-elementor-id=\"10\" class=\"elementor elementor-10\">\n\t\t\t\t\t\t<section class=\"elementor-section elementor-top-section elementor-element elementor-element-20fa617c elementor-section-boxed elementor-section-height-default elementor-section-height-default\" data-id=\"20fa617c\" data-element_type=\"section\">\n\t\t\t\t\t\t<div class=\"elementor-container elementor-column-gap-default\">\n\t\t\t\t\t<div class=\"elementor-column elementor-col-100 elementor-top-column elementor-element elementor-element-1f68b89c\" data-id=\"1f68b89c\" data-element_type=\"column\">\n\t\t\t<div class=\"elementor-widget-wrap elementor-element-populated\">\n\t\t\t\t\t\t<div class=\"elementor-element elementor-element-4adb5dda elementor-widget elementor-widget-text-editor\" data-id=\"4adb5dda\" data-element_type=\"widget\" data-widget_type=\"text-editor.default\">\n\t\t\t\t<div class=\"elementor-widget-container\">\n\t\t\t\t\t\t\t\t\t<h3 style=\"background-color: rgba(213, 218, 223, 0.8);\"><span style=\"color: var( --e-global-color-text );\">REGULAMIN WYNAJMU SALI OKOLICZNO\u015aCIOWEJ \u201eEVENT\u201d<\/span><\/h3>\n<div><span style=\"font-weight: bold; color: var( --e-global-color-text );\">&nbsp;<\/span><\/div>\n<h2><span style=\"color: #000000; font-family: Roboto, sans-serif; font-size: 16px;\">1. Poni\u017cszy regulamin dotyczy w szczeg\u00f3lno\u015bci osoby dokonuj\u0105cej najmu lokalu<\/span><\/h2>\n<p>,jak r\u00f3wnie\u017c wszystkich uczestnik\u00f3w imprezy, odbywaj\u0105cej si\u0119 na sali <b>Event <\/b>,<\/p>\n<p>mieszcz\u0105cej si\u0119 w <b>Rumi 84-230, w budynku przy ul. D\u0105browskiego 27\/b I pi\u0119tro.<\/b><\/p>\n<p>2. Wynajem w\/w sali mo\u017ce nast\u0105pi\u0107 w celu zorganizowania imprezy<\/p>\n<p>okoliczno\u015bciowej, spotkania lub szkolenia itp. zgodnie z og\u00f3lnie przyj\u0119tymi zasadami<\/p>\n<p>etyki nie powoduj\u0105c negatywnego wizerunku dla wynaj\u0119tego lokalu.<\/p>\n<p>Sala przystosowana jest do imprez okoliczno\u015bciowych licz\u0105cych maksymalnie 40<\/p>\n<p>uczestnik\u00f3w.<\/p>\n<h3>Warunki rezerwacji i najmu lokalu<\/h3>\n<p>3. Podstaw\u0105 rezerwacji i wynajmu sali jest zg\u0142oszenie na stronie internetowej sali<\/p>\n<p><b>Event<\/b> \/ www.eventrumia.pl \/ podmiotu zainteresowanego, kt\u00f3ry zapozna\u0142 si\u0119 z<\/p>\n<p>niniejszym regulaminem i dokona\u0142 wst\u0119pnej rezerwacji bezpo\u015brednio na stronie,<\/p>\n<p>mailowo lub telefonicznie.<\/p>\n<p>W celu dokonania ko\u0144cowej rezerwacji terminu maj\u0105cej si\u0119 odby\u0107 imprezy<\/p>\n<p>okoliczno\u015bciowej, nale\u017cy w ci\u0105gu trzech dni um\u00f3wi\u0107 si\u0119 na spotkanie w lokalu.<\/p>\n<p>Brak spotkania i om\u00f3wienia warunk\u00f3w najmu powoduje zdj\u0119cie zarezerwowanego<\/p>\n<p>terminu z kalendarza rezerwacji.<\/p>\n<p>Po otrzymaniu umowy drog\u0105 mailow\u0105 nale\u017cy wp\u0142aci\u0107 ca\u0142kowit\u0105 kwot\u0119 za wynajem<\/p>\n<p>lokalu na podane w umowie konto bankowe firmy <b>Event<\/b>.<\/p>\n<p>Umowa najmu lokalu sporz\u0105dzana jest ka\u017cdorazowo.<\/p>\n<p>W trakcie realizacji procesu rezerwacji nale\u017cy poda\u0107<b> imi\u0119 i nazwisko oraz<\/b><\/p>\n<p><b>kontaktowy nr telefonu<\/b>, ewentualnie adres mailowy oraz typ imprezy.<\/p>\n<p>S\u0105 to dane podawane opcjonalnie w celu u\u0142atwienia kontaktu z klientem.<\/p>\n<p>Podaj\u0105c swoje dane osobowe, klient o\u015bwiadcza, i\u017c na podstawie art. 23 ust.1 pkt.1<\/p>\n<p>ustawy z dnia 29 sierpnia 1997r. &#8211; o ochronie danych osobowych wyra\u017ca zgod\u0119 na ich<\/p>\n<p>przetwarzanie przez firm\u0119 <b>Event<\/b>, w celu realizacji procesu internetowej rezerwacji.<\/p>\n<p>Administratorem danych osobowych jest firma <b>Event <\/b>z siedzib\u0105 w Rumi przy<\/p>\n<p>ul. D\u0105browskiego 27b 84-230 Rumia.<\/p>\n<p>Dane osobowe przetwarzane s\u0105 wy\u0142\u0105cznie w systemie rezerwacji wizyt sali <b>Event<\/b> i<\/p>\n<p>nie b\u0119d\u0105 przekazywane innym podmiotom.<\/p>\n<p>Osobie, kt\u00f3rej dane dotycz\u0105, przys\u0142uguje prawo dost\u0119pu do tre\u015bci jej danych oraz<\/p>\n<p>mo\u017cliwo\u015b\u0107 ich poprawiania. Podanie danych osobowych jest dobrowolne.<\/p>\n<p>Najemcy przys\u0142uguje prawo do zwrotu wp\u0142aty w 100% w terminie do 30 dni przed<\/p>\n<p>planowan\u0105 imprez\u0105, na pisemne \u017c\u0105danie wys\u0142ane np. poczt\u0105 elektroniczn\u0105.<\/p>\n<p>Wp\u0142ata nie podlega zwrotowi je\u015bli impreza odwo\u0142ana jest z przyczyn le\u017c\u0105cych po<\/p>\n<p>stronie Najemcy.<\/p>\n<p>4. W dniu wydania lokalu do najmu Najemca zobowi\u0105zany jest do wp\u0142aty w formie<\/p>\n<p>got\u00f3wki kaucji zwrotnej w wysoko\u015bci <b>500 z\u0142<\/b>, za kt\u00f3re otrzymuje pokwitowanie wraz<\/p>\n<p>z kluczami do drzwi wej\u015bciowych.<\/p>\n<p>Kaucja jest gwarancj\u0105 pokrycia ewentualnych koszt\u00f3w naprawy za szkody<\/p>\n<p>wyrz\u0105dzone w lokalu podczas odbywaj\u0105cej si\u0119 imprezy okoliczno\u015bciowej.<\/p>\n<p><\/p>\n<p>W przypadku powa\u017cnych szk\u00f3d przekraczaj\u0105cych kwot\u0119 kaucji, Wynajmuj\u0105cy ma<\/p>\n<p>prawo do obci\u0105\u017cenia Najemcy kosztem ich naprawy.<\/p>\n<p>Dotyczy to przede wszystkim dewastacji zastawy sto\u0142owej, stolarki okiennej i<\/p>\n<p>drzwiowej, mebli kuchennych sprz\u0119tu AGD i nag\u0142a\u015bniaj\u0105cego, urz\u0105dze\u0144 sanitarnych i<\/p>\n<p>grzewczych, wentylacyjnych i klimatyzacyjnych itp, kt\u00f3re z winy Najemcy lub os\u00f3b<\/p>\n<p>przebywaj\u0105cych w lokalu uleg\u0142y zniszczeniu.<\/p>\n<p>W przypadku nie pokrycia przez Najemc\u0119 dobrowolnie koszt\u00f3w naprawy strat,<\/p>\n<p>Wynajmuj\u0105cy w ramach zawartej umowy najmu wyst\u0119puje na drog\u0119 s\u0105dow\u0105 w celu<\/p>\n<p>odzyskania odszkodowania.<\/p>\n<p>Kaucja zostaje zwr\u00f3cona po dokonaniu ogl\u0119dzin lokalu \/bez stwierdzonych szk\u00f3d\/ i<\/p>\n<p>zdaniu kluczy przez Najemc\u0119.<\/p>\n<p>Przekazanie i odbi\u00f3r sali odbywa si\u0119 ka\u017cdorazowo na podstawie protoko\u0142u zdawczo-<\/p>\n<p>odbiorczego lokalu.<\/p>\n<p>Najemca otrzymuje dost\u0119p do sali w dniu wydarzenia o um\u00f3wionej i ustalonej<\/p>\n<p>godzinie przed rozpocz\u0119ciem imprezy i zwraca lokal o um\u00f3wionej godzinie.<\/p>\n<p>Po zako\u0144czeniu imprezy Najemca zobowi\u0105zany jest do zabrania wszystkich<\/p>\n<p>wniesionych przez siebie rzeczy do ko\u0144cowego terminu najmu.<\/p>\n<p>W przypadku przed\u0142u\u017cenia czasu korzystania z sali okoliczno\u015bciowej, Wynajmuj\u0105cy<\/p>\n<p>uprawniony jest do naliczenia dodatkowej op\u0142aty za ka\u017cd\u0105 rozpocz\u0119t\u0105 dodatkow\u0105<\/p>\n<p>godzin\u0119 najmu w wysoko\u015bci stawki godzinowej okre\u015blonej w cenniku wynajmu.<\/p>\n<p>Najemca zobowi\u0105zany jest zwr\u00f3ci\u0107 lokal Wynajmuj\u0105cemu w stanie niepogorszonym.<\/p>\n<p>Wynajmuj\u0105cy nie wyra\u017ca zgody na u\u017cytkowanie sali niezgodnie z umow\u0105 jak r\u00f3wnie\u017c<\/p>\n<p>podnajmowanie lokalu osobom trzecim.<\/p>\n<h3><b>Bezpiecze\u0144stwo i ochrona uczestnik\u00f3w imprezy<\/b><\/h3>\n<p>5. Najemca jest zobowi\u0105zany do bezwzgl\u0119dnego przestrzegania przepis\u00f3w<\/p>\n<p>sanitarnych, bhp i ppo\u017c.oraz do zachowania \u0142adu i porz\u0105dku na ca\u0142ym terenie<\/p>\n<p>wynajmowanego lokalu podczas trwania umowy najmu.<\/p>\n<p>Najemca jest zobowi\u0105zany do zapewnienia ochrony oraz bezpiecze\u0144stwa uczestnikom<\/p>\n<p>imprezy podczas trwania umowy najmu.<\/p>\n<p>Ponadto Najemca ponosi pe\u0142n\u0105 odpowiedzialno\u015b\u0107 za nieletnich uczestnik\u00f3w imprezy<\/p>\n<p>spo\u017cywaj\u0105cych alkohol.<\/p>\n<p>W przypadku uroczysto\u015bci, w kt\u00f3rych uczestniczy m\u0142odzie\u017c do 24 roku \u017cycia, a tak\u017ce<\/p>\n<p>uroczysto\u015bci, w kt\u00f3rych uczestniczy wi\u0119cej ni\u017c 20 os\u00f3b, mo\u017ce nast\u0105pi\u0107 konieczno\u015b\u0107<\/p>\n<p>zatrudnienia ochrony lub dozoru os\u00f3b pe\u0142noletnich, co le\u017cy w obowi\u0105zku Najemcy (<\/p>\n<p>szczeg\u00f3\u0142y do om\u00f3wienia z Wynajmuj\u0105cym ).<\/p>\n<p>Szczeg\u00f3lne wymagania dotycz\u0105 imprez typu \u201e18-tka\u201d( imprezy tego typu<\/p>\n<p>organizowane winny by\u0107 tylko i wy\u0142\u0105cznie jako imprezy rodzinne.<\/p>\n<p>Nie wynajmujemy sali dla samej m\u0142odzie\u017cy-umowy podpisujemy tylko z rodzicem<\/p>\n<p>lub opiekunem prawnym, kt\u00f3ry zobowi\u0105zany jest do obecno\u015bci w lokalu od pocz\u0105tku<\/p>\n<p>do ko\u0144ca trwania imprezy.<\/p>\n<p>W czasie trwania imprezy po godz. 22:00 ze wzgl\u0119du na s\u0105siedztwo dom\u00f3w<\/p>\n<p>mieszkalnych, prosimy o nie wychodzenie przed budynek i nie robienie ha\u0142asu na<\/p>\n<p>zewn\u0105trz.<\/p>\n<p>Dozwolone jest przebywanie na tarasie, z zachowaniem nale\u017cytego spokoju oraz<\/p>\n<p>ciszy nocnej.<\/p>\n<p>Obowi\u0105zuje zakaz siadania na grzejnikach, gdy\u017c grozi to ich oberwaniem i zalaniem sali.<\/p>\n<p>Obowi\u0105zuje bezwzgl\u0119dny zakaz wyrzucania jakichkolwiek przedmiot\u00f3w poza obr\u0119b<\/p>\n<p>tarasu.<\/p>\n<p>Impreza mo\u017ce si\u0119 odby\u0107 tylko i wy\u0142\u0105cznie na g\u0142o\u015bniku, kt\u00f3ry jest na wyposa\u017ceniu sali.<\/p>\n<p>Jest on dostosowany do w\u0142a\u015bciwej i dopuszczalnej akustyki sali.<\/p>\n<p>Na terenie lokalu obowi\u0105zuje bezwzgl\u0119dny zakaz za\u017cywania \u015brodk\u00f3w odurzaj\u0105cych,<\/p>\n<p>wnoszenia broni palnej, no\u017cy, paralizator\u00f3w i innych niebezpiecznych urz\u0105dze\u0144 i<\/p>\n<p>przedmiot\u00f3w.<\/p>\n<p>Palenie tytoniu mo\u017ce si\u0119 odbywa\u0107 wy\u0142\u0105cznie na tarasie lokalu.<\/p>\n<p>Wynajmuj\u0105cy nie ponosi odpowiedzialno\u015bci za uszkodzenia cia\u0142a lub jakikolwiek<\/p>\n<p>uszczerbek na zdrowiu os\u00f3b przebywaj\u0105cych na terenie lokalu w trakcie trwania<\/p>\n<p>umowy najmu.<\/p>\n<p>Ze sprz\u0119tu b\u0119d\u0105cego na wyposa\u017ceniu lokalu mo\u017cna korzysta\u0107 tylko na terenie sali<\/p>\n<p>okoliczno\u015bciowej. Sprz\u0119t dodatkowy wynajmowany jest wed\u0142ug cennika za\u0142\u0105czonego<\/p>\n<p>na stronie internetowej (zastawa sto\u0142owa, obrusy, podgrzewacze itp).<\/p>\n<p>Zapewnienie dozoru odzie\u017cy wierzchniej i innych przedmiot\u00f3w pozostawionych<\/p>\n<p>przez uczestnik\u00f3w imprezy na sali okoliczno\u015bciowej w trakcie trwania wydarzenia<\/p>\n<p>nale\u017cy do obowi\u0105zk\u00f3w Najemcy.<\/p>\n<p>W przypadku zagro\u017cenia przeciwpo\u017carowego na terenie sali znajduj\u0105 si\u0119 dwie ga\u015bnice w<\/p>\n<p>miejscach og\u00f3lnodost\u0119pnych i oznaczonych.<\/p>\n<p>Klucze ewakuacyjne znajduj\u0105 si\u0119 w skrzynce awaryjnej zainstalowanej przy drzwiach<\/p>\n<p>wej\u015bciowych lokalu.<\/p>\n<p>Ewakuacja nast\u0119puje wyj\u015bciem g\u0142\u00f3wnym zgodnie z oznaczeniem drogi ewakuacyjnej.<\/p>\n<h2><b>Sprawy porz\u0105dkowe<\/b><\/h2>\n<p>6. Wynajmuj\u0105cy dokonuje sprz\u0105tania sali okoliczno\u015bciowej po zako\u0144czonej imprezie.<\/p>\n<p>W razie wyst\u0105pienia niestandardowych zabrudze\u0144 lokalu np typu wymiociny, oblane<\/p>\n<p>napojami \u015bciany lub sufity, \u015blady podpale\u0144 itp Wynajmuj\u0105cy potr\u0105ca z kaucji za koszt<\/p>\n<p>likwidacji zabrudze\u0144- min.100 z\u0142.<\/p>\n<p>W lokalu obowi\u0105zuje segregacja \u015bmieci do oznaczonych pojemnik\u00f3w znajduj\u0105cych<\/p>\n<p>si\u0119 w korytarzu przy toaletach.<\/p>\n<p>W przypadku konieczno\u015bci dokonania ponownej segregacji \u015bmieci Wynajmuj\u0105cy<\/p>\n<p>potr\u0105ca z kaucji min.100 z\u0142.<\/p>\n<p>7. W przypadku wyst\u0105pienia okoliczno\u015bci niezale\u017cnych od Wynajmuj\u0105cego zastrzega<\/p>\n<p>on sobie prawo do odwo\u0142ania, skr\u00f3cenia lub odmowy rezerwacji wynajmu lokalu.<\/p>\n<p>8. Wszelkie w\u0105tpliwo\u015bci odno\u015bnie Regulaminu i zasad wynajmu lokalu nale\u017cy<\/p>\n<p>kierowa\u0107 do Wynajmuj\u0105cego osobi\u015bcie, telefonicznie lub poczt\u0105 elektroniczn\u0105 na<\/p>\n<p>adres:podany na stronie internetowej w zak\u0142adce kontakt.<\/p>\n<p>Zapozna\u0142em si\u0119 z regulaminem <b>Najemca<\/b>&#8230;&#8230;&#8230;&#8230;&#8230;&#8230;&#8230;&#8230;&#8230;&#8230;&#8230;&#8230;&#8230;&#8230;&#8230;.<\/p>\t\t\t\t\t\t\t\t<\/div>\n\t\t\t\t<\/div>\n\t\t\t\t\t<\/div>\n\t\t<\/div>\n\t\t\t\t\t<\/div>\n\t\t<\/section>\n\t\t\t\t<\/div>\n\t\t","protected":false},"excerpt":{"rendered":"<p>REGULAMIN WYNAJMU SALI OKOLICZNO\u015aCIOWEJ \u201eEVENT\u201d &nbsp; 1. Poni\u017cszy regulamin dotyczy w szczeg\u00f3lno\u015bci osoby dokonuj\u0105cej najmu lokalu ,jak r\u00f3wnie\u017c wszystkich uczestnik\u00f3w imprezy, odbywaj\u0105cej si\u0119 na sali Event , mieszcz\u0105cej si\u0119 w &#8230; <\/p>\n<div class=\"text-center\"><a class=\"more-link\" href=\"https:\/\/www.eventrumia.pl\/index.php\/regulamin\/\">Read More <i class=\"fa fa-angle-double-right\"><\/i><\/a><\/div>\n","protected":false},"author":1,"featured_media":0,"parent":0,"menu_order":0,"comment_status":"closed","ping_status":"closed","template":"","meta":{"footnotes":""},"class_list":["post-10","page","type-page","status-publish","hentry"],"_links":{"self":[{"href":"https:\/\/www.eventrumia.pl\/index.php\/wp-json\/wp\/v2\/pages\/10","targetHints":{"allow":["GET"]}}],"collection":[{"href":"https:\/\/www.eventrumia.pl\/index.php\/wp-json\/wp\/v2\/pages"}],"about":[{"href":"https:\/\/www.eventrumia.pl\/index.php\/wp-json\/wp\/v2\/types\/page"}],"author":[{"embeddable":true,"href":"https:\/\/www.eventrumia.pl\/index.php\/wp-json\/wp\/v2\/users\/1"}],"replies":[{"embeddable":true,"href":"https:\/\/www.eventrumia.pl\/index.php\/wp-json\/wp\/v2\/comments?post=10"}],"version-history":[{"count":27,"href":"https:\/\/www.eventrumia.pl\/index.php\/wp-json\/wp\/v2\/pages\/10\/revisions"}],"predecessor-version":[{"id":416,"href":"https:\/\/www.eventrumia.pl\/index.php\/wp-json\/wp\/v2\/pages\/10\/revisions\/416"}],"wp:attachment":[{"href":"https:\/\/www.eventrumia.pl\/index.php\/wp-json\/wp\/v2\/media?parent=10"}],"curies":[{"name":"wp","href":"https:\/\/api.w.org\/{rel}","templated":true}]}}